{"id":294,"date":"2021-02-25T15:15:12","date_gmt":"2021-02-25T14:15:12","guid":{"rendered":"http:\/\/guillet-sas.com\/?page_id=294"},"modified":"2025-11-04T14:55:34","modified_gmt":"2025-11-04T13:55:34","slug":"294-2","status":"publish","type":"page","link":"https:\/\/guillet-sas.com\/","title":{"rendered":"L&rsquo;entreprise"},"content":{"rendered":"\n<figure class=\"wp-block-video\"><video controls src=\"https:\/\/guillet-sas.com\/wp-content\/uploads\/2025\/01\/Entreprise-Guillet.mp4\"><\/video><\/figure>\n\n\n\n<pre class=\"wp-block-verse\">Nous suivre sur Facebook : \n<a href=\"https:\/\/www.facebook.com\/SASGUILLET\/?ref=pages_you_manage\">https:\/\/www.facebook.com\/SASGUILLET\/?ref=pages_you_manage<\/a>\n\n<\/pre>\n\n\n\n<div class=\"wp-block-group is-layout-flow\"><div class=\"wp-block-group__inner-container\">\n<div class=\"wp-block-group alignwide is-layout-flow\"><div class=\"wp-block-group__inner-container\">\n<div class=\"wp-block-group alignwide is-layout-flow\"><div class=\"wp-block-group__inner-container\">\n<div class=\"wp-block-group alignwide is-layout-flow\"><div class=\"wp-block-group__inner-container\">\n<div class=\"wp-block-group is-layout-flow\"><div class=\"wp-block-group__inner-container\"><div class=\"wp-block-image\">\n<figure class=\"aligncenter size-large\"><img decoding=\"async\" loading=\"lazy\" width=\"768\" height=\"1024\" src=\"https:\/\/guillet-sas.com\/wp-content\/uploads\/2025\/11\/Le-chateau-de-Medavy-a-besoin-de-tous-3-768x1024.png\" alt=\"\" class=\"wp-image-805\" srcset=\"https:\/\/guillet-sas.com\/wp-content\/uploads\/2025\/11\/Le-chateau-de-Medavy-a-besoin-de-tous-3-768x1024.png 768w, https:\/\/guillet-sas.com\/wp-content\/uploads\/2025\/11\/Le-chateau-de-Medavy-a-besoin-de-tous-3-225x300.png 225w, https:\/\/guillet-sas.com\/wp-content\/uploads\/2025\/11\/Le-chateau-de-Medavy-a-besoin-de-tous-3-1152x1536.png 1152w, https:\/\/guillet-sas.com\/wp-content\/uploads\/2025\/11\/Le-chateau-de-Medavy-a-besoin-de-tous-3-1x1.png 1w, https:\/\/guillet-sas.com\/wp-content\/uploads\/2025\/11\/Le-chateau-de-Medavy-a-besoin-de-tous-3.png 1500w\" sizes=\"(max-width: 768px) 100vw, 768px\" \/><\/figure><\/div>\n\n\n<p>Pour faire un don pour le ch\u00e2teau de M\u00e9davy, cliquez ici :<\/p>\n\n\n\n<p> <a href=\"https:\/\/www.fondation-patrimoine.org\/les-projets\/charon-medavy\/79121\">https:\/\/www.fondation-patrimoine.org\/les-projets\/charon-medavy\/79121<\/a><\/p>\n\n\n<div class=\"wp-block-image\">\n<figure class=\"aligncenter size-large is-resized\"><img decoding=\"async\" loading=\"lazy\" src=\"http:\/\/guillet-sas.com\/wp-content\/uploads\/2022\/05\/adresse-1024x614.jpg\" alt=\"\" class=\"wp-image-681\" width=\"769\" height=\"461\" srcset=\"https:\/\/guillet-sas.com\/wp-content\/uploads\/2022\/05\/adresse-1024x614.jpg 1024w, https:\/\/guillet-sas.com\/wp-content\/uploads\/2022\/05\/adresse-300x180.jpg 300w, https:\/\/guillet-sas.com\/wp-content\/uploads\/2022\/05\/adresse-768x461.jpg 768w, https:\/\/guillet-sas.com\/wp-content\/uploads\/2022\/05\/adresse-1536x921.jpg 1536w, https:\/\/guillet-sas.com\/wp-content\/uploads\/2022\/05\/adresse-2048x1229.jpg 2048w, https:\/\/guillet-sas.com\/wp-content\/uploads\/2022\/05\/adresse-1x1.jpg 1w\" sizes=\"(max-width: 769px) 100vw, 769px\" \/><\/figure><\/div><\/div><\/div>\n<\/div><\/div>\n<\/div><\/div>\n<\/div><\/div>\n<\/div><\/div>\n\n\n<div class=\"wp-block-image\">\n<figure class=\"aligncenter size-large is-resized\"><img decoding=\"async\" loading=\"lazy\" src=\"http:\/\/guillet-sas.com\/wp-content\/uploads\/2022\/05\/marque-1024x614.png\" alt=\"\" class=\"wp-image-643\" width=\"851\" height=\"509\" srcset=\"https:\/\/guillet-sas.com\/wp-content\/uploads\/2022\/05\/marque-1024x614.png 1024w, https:\/\/guillet-sas.com\/wp-content\/uploads\/2022\/05\/marque-300x180.png 300w, https:\/\/guillet-sas.com\/wp-content\/uploads\/2022\/05\/marque-1x1.png 1w\" sizes=\"(max-width: 851px) 100vw, 851px\" \/><\/figure><\/div>\n\n\n<div class=\"wp-block-group is-layout-flow\"><div class=\"wp-block-group__inner-container\">\n<h2 class=\"wp-block-heading has-text-align-center\"> Marque Valeurs Parcs<br> pour le b\u00e2ti percheron<\/h2>\n\n\n\n<p class=\"has-text-align-center\">  L\u2019id\u00e9e d\u2019une marque Valeurs Parcs pour les savoir-faire pour la        restauration du patrimoine b\u00e2ti percheron est n\u00e9e en 2012 comme une suite logique de la Charte de qualit\u00e9 pr\u00e9c\u00e9demment d\u00e9velopp\u00e9e par le Parc en la mati\u00e8re. Le marquage concerne les artisans et les entreprises du b\u00e2timent dans les secteurs de la ma\u00e7onnerie, de la couverture, de la charpente et de la menuiserie ext\u00e9rieure et a notamment pour objectif de promouvoir aupr\u00e8s du public des savoir-faire respectueux de l\u2019architecture rurale du Perche.&nbsp;<\/p>\n<\/div><\/div>\n\n\n\n<p class=\"has-text-align-center\">La marque collective est d\u00e9pos\u00e9e \u00e0 l\u2019INPI (Institut National de la Propri\u00e9t\u00e9 Industrielle) et inscrit les savoir-faire dans une d\u00e9marche de d\u00e9veloppement durable et de progr\u00e8s. Elle doit r\u00e9pondre \u00e0 trois valeurs fortes : le territoire, l\u2019environnement pr\u00e9serv\u00e9 et valoris\u00e9 et la dimension humaine.<\/p>\n\n\n\n<p class=\"has-text-align-center\">Plus d&rsquo;informations :<\/p>\n\n\n\n<p class=\"has-text-align-center\"><a href=\"https:\/\/www.parc-naturel-perche.fr\/actualites\/valeurs-parc-l-engagement-renouvele-des-artisans?fbclid=IwY2xjawHrLZJleHRuA2FlbQIxMQABHZGOo8Shl3fgvisBcvOOkh8RvB2mL_iv98Ev3W4Qqlua_nWaKerYMfuSuA_aem_4L9u3plmvhtln_v8eQJfwA\"> https:\/\/www.parc-naturel-perche.fr\/le-parc-en-action\/des-patrimoines-proteger\/bati<\/a><\/p>\n\n\n\n<figure class=\"wp-block-image\"><img alt=\"\"\/><\/figure>\n\n\n\n<figure class=\"wp-block-image\"><img alt=\"\"\/><\/figure>\n\n\n\n<p><\/p>\n","protected":false},"excerpt":{"rendered":"<p>Nous suivre sur Facebook : https:\/\/www.facebook.com\/SASGUILLET\/?ref=pages_you_manage Pour faire un don pour le ch\u00e2teau de M\u00e9davy, cliquez ici : https:\/\/www.fondation-patrimoine.org\/les-projets\/charon-medavy\/79121 Marque Valeurs Parcs pour le b\u00e2ti percheron L\u2019id\u00e9e d\u2019une marque Valeurs Parcs pour les savoir-faire pour la restauration du patrimoine b\u00e2ti percheron est n\u00e9e en 2012 comme une suite logique de la Charte de qualit\u00e9 pr\u00e9c\u00e9demment [&hellip;]<\/p>\n","protected":false},"author":1,"featured_media":0,"parent":0,"menu_order":0,"comment_status":"closed","ping_status":"closed","template":"","meta":[],"_links":{"self":[{"href":"https:\/\/guillet-sas.com\/index.php\/wp-json\/wp\/v2\/pages\/294"}],"collection":[{"href":"https:\/\/guillet-sas.com\/index.php\/wp-json\/wp\/v2\/pages"}],"about":[{"href":"https:\/\/guillet-sas.com\/index.php\/wp-json\/wp\/v2\/types\/page"}],"author":[{"embeddable":true,"href":"https:\/\/guillet-sas.com\/index.php\/wp-json\/wp\/v2\/users\/1"}],"replies":[{"embeddable":true,"href":"https:\/\/guillet-sas.com\/index.php\/wp-json\/wp\/v2\/comments?post=294"}],"version-history":[{"count":200,"href":"https:\/\/guillet-sas.com\/index.php\/wp-json\/wp\/v2\/pages\/294\/revisions"}],"predecessor-version":[{"id":807,"href":"https:\/\/guillet-sas.com\/index.php\/wp-json\/wp\/v2\/pages\/294\/revisions\/807"}],"wp:attachment":[{"href":"https:\/\/guillet-sas.com\/index.php\/wp-json\/wp\/v2\/media?parent=294"}],"curies":[{"name":"wp","href":"https:\/\/api.w.org\/{rel}","templated":true}]}}